{"id":18,"date":"2025-06-26T19:45:08","date_gmt":"2025-06-26T19:45:08","guid":{"rendered":"https:\/\/investigacion.uaem.mx\/palabraclave\/?page_id=18"},"modified":"2025-12-01T14:54:55","modified_gmt":"2025-12-01T14:54:55","slug":"sobre-la-revista","status":"publish","type":"page","link":"https:\/\/investigacion.uaem.mx\/palabraclave\/sobre-la-revista\/","title":{"rendered":"Sobre la revista"},"content":{"rendered":"<!--themify_builder_content-->\n<div id=\"themify_builder_content-18\" data-postid=\"18\" class=\"themify_builder_content themify_builder_content-18 themify_builder tf_clear\">\n                    <div  data-lazy=\"1\" class=\"module_row themify_builder_row tb_xtw4596 tb_first tf_w\">\n                        <div class=\"row_inner col_align_top tb_col_count_1 tf_box tf_rel\">\n                        <div  data-lazy=\"1\" class=\"module_column tb-column col-full tb_3qoa596 first\">\n                    <!-- module template_part -->\n<div  class=\"module module-layout-part tb_0vhh824 \">\n    <div class=\"tb_layout_part_wrap tf_w\"><!--themify_builder_content-->\n    <div  class=\"themify_builder_content themify_builder_content-10 themify_builder not_editable_builder in_the_loop\" data-postid=\"10\">\n                        <div  data-css_id=\"l85m402\" data-lazy=\"1\" class=\"module_row themify_builder_row fullwidth_row_container tb_l85m402 tf_w\">\n                        <div class=\"row_inner col_align_top tb_col_count_1 tf_box tf_rel\">\n                        <div  data-lazy=\"1\" class=\"module_column tb-column col-full tb_dz3t475 first\">\n                    <!-- module image -->\n<div  class=\"module module-image tb_qclu683 image-center   tf_mw\" data-lazy=\"1\">\n        <div class=\"image-wrap tf_rel tf_mw\">\n            <img loading=\"lazy\" decoding=\"async\" src=\"https:\/\/investigacion.uaem.mx\/palabraclave\/wp-content\/uploads\/2025\/09\/logopalabra-1024x506-295x144.png\" width=\"295\" height=\"144\" class=\"wp-post-image wp-image-156\" title=\"logopalabra\" alt=\"logopalabra\" srcset=\"https:\/\/investigacion.uaem.mx\/palabraclave\/wp-content\/uploads\/2025\/09\/logopalabra-1024x506-295x144.png 295w, https:\/\/investigacion.uaem.mx\/palabraclave\/wp-content\/uploads\/2025\/09\/logopalabra-1024x506-260x128.png 260w, https:\/\/investigacion.uaem.mx\/palabraclave\/wp-content\/uploads\/2025\/09\/logopalabra-1024x506-223x109.png 223w, https:\/\/investigacion.uaem.mx\/palabraclave\/wp-content\/uploads\/2025\/09\/logopalabra-1024x506-276x135.png 276w, https:\/\/investigacion.uaem.mx\/palabraclave\/wp-content\/uploads\/2025\/09\/logopalabra-1024x506-150x72.png 150w\" sizes=\"auto, (max-width: 295px) 100vw, 295px\" \/>    \n        <\/div>\n    <!-- \/image-wrap -->\n    \n        <\/div>\n<!-- \/module image -->        <\/div>\n                        <\/div>\n        <\/div>\n                        <div  data-css_id=\"toun776\" data-lazy=\"1\" class=\"module_row themify_builder_row fullwidth tb_toun776 tf_w\">\n                        <div class=\"row_inner col_align_top tb_col_count_1 tf_box tf_rel\">\n                        <div  data-lazy=\"1\" class=\"module_column tb-column col-full tb_v1dt776 first\">\n                    <!-- module copyright -->\n<div  class=\"module module-copyright tb_it31281 \" data-lazy=\"1\">\n    \n    <div class=\"tb_copyright\">\n        ISBN: en tr\u00e1mite    <\/div>\n\n<\/div><!-- \/module copyright -->        <\/div>\n                        <\/div>\n        <\/div>\n                        <div  data-css_id=\"gwwl357\" data-lazy=\"1\" class=\"module_row themify_builder_row fullwidth tb_gwwl357 tf_w\">\n                        <div class=\"row_inner col_align_top tb_col_count_1 tf_box tf_rel\">\n                        <div  data-lazy=\"1\" class=\"module_column tb-column col-full tb_ze0y357 first\">\n                    <!-- module template_part -->\n<div  class=\"module module-layout-part tb_vcw8278 \">\n    <div class=\"tb_layout_part_wrap tf_w\"><!--themify_builder_content-->\n    <div  class=\"themify_builder_content themify_builder_content-618 themify_builder not_editable_builder in_the_loop\" data-postid=\"618\">\n                        <div  data-css_id=\"4kmo869\" data-lazy=\"1\" class=\"module_row themify_builder_row fullwidth tb_4kmo869 tf_w\">\n                        <div class=\"row_inner col_align_top tb_col_count_1 tf_box tf_rel\">\n                        <div  data-lazy=\"1\" class=\"module_column tb-column col-full tb_pwdx670 first\">\n                    <!-- module menu -->\n<div  class=\"module module-menu tb_wgj0918  mobile-menu-slide\" data-menu-style=\"mobile-menu-slide\" data-menu-breakpoint=\"900\" data-menu-direction=\"right\" data-element-id=\"tb_wgj0918\" data-lazy=\"1\">\n            <style>\n            @media(max-width:900px){\n                .tb_wgj0918 .menu-module-burger{\n                    display:inline-block\n                }\n                .tb_wgj0918 .module-menu-container{\n                    display:none\n                }\n                .tb_wgj0918 .module-menu-container.is-open{\n                    display:block\n                }\n            }\n        <\/style>\n        <a rel=\"nofollow\" href=\"#\" class=\"tf_hide menu-module-burger\">\n            <span class=\"menu-module-burger-inner tf_inline_b tf_rel\"><\/span>\n            <span class=\"screen-reader-text\">Menu<\/span>\n        <\/a>\n        \n    <div class=\"module-menu-container\"><ul id=\"menu-principal\" class=\"ui tf_clearfix nav tf_rel tf_scrollbar fullwidth transparent shadow\"><li id=\"menu-item-36\" class=\"menu-item-page-8 menu-item menu-item-type-post_type menu-item-object-page menu-item-home menu-item-36\"><a href=\"https:\/\/investigacion.uaem.mx\/palabraclave\/\">Index<\/a><\/li>\n<li id=\"menu-item-35\" class=\"menu-item-page-18 menu-item menu-item-type-post_type menu-item-object-page menu-item-35\"><a href=\"https:\/\/investigacion.uaem.mx\/palabraclave\/sobre-la-revista\/\">Sobre la revista<\/a><\/li>\n<li id=\"menu-item-34\" class=\"menu-item-page-20 menu-item menu-item-type-post_type menu-item-object-page menu-item-34\"><a href=\"https:\/\/investigacion.uaem.mx\/palabraclave\/archivo\/\">Archivo<\/a><\/li>\n<li id=\"menu-item-33\" class=\"menu-item-page-22 menu-item menu-item-type-post_type menu-item-object-page current-menu-item page_item page-item-22 current_page_item menu-item-33\"><a href=\"https:\/\/investigacion.uaem.mx\/palabraclave\/colabora\/\" aria-current=\"page\">Colabora<\/a><\/li>\n<li id=\"menu-item-32\" class=\"menu-item-page-24 menu-item menu-item-type-post_type menu-item-object-page menu-item-32\"><a href=\"https:\/\/investigacion.uaem.mx\/palabraclave\/directorio\/\">Directorio<\/a><\/li>\n<li id=\"menu-item-31\" class=\"menu-item-page-26 menu-item menu-item-type-post_type menu-item-object-page menu-item-31\"><a href=\"https:\/\/investigacion.uaem.mx\/palabraclave\/contacto\/\">Contacto<\/a><\/li>\n<li id=\"menu-item-30\" class=\"menu-item-page-28 menu-item menu-item-type-post_type menu-item-object-page menu-item-30\"><a href=\"https:\/\/investigacion.uaem.mx\/palabraclave\/buscar\/\">Buscar<\/a><\/li>\n<\/ul><\/div>        <style>\n            .mobile-menu-module[data-module=\"tb_wgj0918\"]{\n                right:-300px            }\n        <\/style>\n    <\/div>\n<!-- \/module menu -->\n        <\/div>\n                        <\/div>\n        <\/div>\n            <\/div>\n<!--\/themify_builder_content--><\/div>\n<\/div>\n<!-- \/module template_part -->        <\/div>\n                        <\/div>\n        <\/div>\n            <\/div>\n<!--\/themify_builder_content--><\/div>\n<\/div>\n<!-- \/module template_part -->        <\/div>\n                        <\/div>\n        <\/div>\n                        <div  data-lazy=\"1\" class=\"module_row themify_builder_row tb_imta633 tf_w\">\n                        <div class=\"row_inner col_align_top tb_col_count_1 tf_box tf_rel\">\n                        <div  data-lazy=\"1\" class=\"module_column tb-column col-full tb_1s33633 first\">\n                    <!-- module text -->\n<div  class=\"module module-text tb_pq4t904   \" data-lazy=\"1\">\n        <div  class=\"tb_text_wrap\">\n            <\/div>\n<\/div>\n<!-- \/module text --><!-- module text -->\n<div  class=\"module module-text tb_j69u130   \" data-lazy=\"1\">\n        <div  class=\"tb_text_wrap\">\n        <p><strong>SOBRE LA REVISTA\u00a0<\/strong><\/p>    <\/div>\n<\/div>\n<!-- \/module text -->        <\/div>\n                        <\/div>\n        <\/div>\n                        <div  data-lazy=\"1\" class=\"module_row themify_builder_row tb_e6s5425 tf_w\">\n                        <div class=\"row_inner col_align_top tb_col_count_1 tf_box tf_rel\">\n                        <div  data-lazy=\"1\" class=\"module_column tb-column col-full tb_o9gn425 first\">\n                    <!-- module text -->\n<div  class=\"module module-text tb_mlke165   \" data-lazy=\"1\">\n        <div  class=\"tb_text_wrap\">\n        <p><em>Palabra Clave<\/em> es una revista multimedia estudiantil creada por y para estudiantes de Comunicaci\u00f3n, que nace como un espacio de expresi\u00f3n, experimentaci\u00f3n y desarrollo profesional.<\/p>\n<p>Somos un medio comprometido con la difusi\u00f3n de contenidos de calidad que reflejen las diferentes voces y perspectivas de la comunidad universitaria.<\/p>\n<p>Nuestra publicaci\u00f3n busca crear un puente entre la formaci\u00f3n acad\u00e9mica y la pr\u00e1ctica profesional, ofreciendo a los estudiantes la oportunidad de aplicar sus conocimientos en un entorno real de producci\u00f3n period\u00edstica y comunicacional.<\/p>\n<p>En <em>Palabra Clave<\/em> se manejan distintos formatos: ensayos, entrevistas, reportajes audiovisuales y escritos, experiencias y contenidos para redes sociales, todos ellos abordando temas relevantes para nuestra generaci\u00f3n desde un enfoque fresco, cr\u00edtico y riguroso.<\/p>\n<p>Nuestro equipo est\u00e1 conformado por estudiantes de la carrera de Comunicaci\u00f3n, quienes aportan sus talentos y visiones \u00fanicas bajo la gu\u00eda de profesores experimentados que fungen como asesores editoriales.<\/p>\n<p>Creemos firmemente en el poder transformador de la comunicaci\u00f3n y aspiramos a ser un referente de periodismo estudiantil innovador, \u00e9tico y comprometido con los valores de veracidad, pluralidad y responsabilidad social.<\/p>    <\/div>\n<\/div>\n<!-- \/module text -->        <\/div>\n                        <\/div>\n        <\/div>\n                        <div  data-lazy=\"1\" class=\"module_row themify_builder_row tb_41bv417 tf_w\">\n                        <div class=\"row_inner col_align_top tb_col_count_1 tf_box tf_rel\">\n                        <div  data-lazy=\"1\" class=\"module_column tb-column col-full tb_y6y8417 first\">\n                            <\/div>\n                        <\/div>\n        <\/div>\n        <\/div>\n<!--\/themify_builder_content-->","protected":false},"excerpt":{"rendered":"<p>SOBRE LA REVISTA\u00a0<\/p>\n","protected":false},"author":1,"featured_media":0,"parent":0,"menu_order":0,"comment_status":"closed","ping_status":"closed","template":"","meta":{"footnotes":""},"class_list":["post-18","page","type-page","status-publish","hentry","entry"],"builder_content":"\n<p><strong>SOBRE LA REVISTA\u00a0<\/strong><\/p>\n<p><em>Palabra Clave<\/em> es una revista multimedia estudiantil creada por y para estudiantes de Comunicaci\u00f3n, que nace como un espacio de expresi\u00f3n, experimentaci\u00f3n y desarrollo profesional.<\/p> <p>Somos un medio comprometido con la difusi\u00f3n de contenidos de calidad que reflejen las diferentes voces y perspectivas de la comunidad universitaria.<\/p> <p>Nuestra publicaci\u00f3n busca crear un puente entre la formaci\u00f3n acad\u00e9mica y la pr\u00e1ctica profesional, ofreciendo a los estudiantes la oportunidad de aplicar sus conocimientos en un entorno real de producci\u00f3n period\u00edstica y comunicacional.<\/p> <p>En <em>Palabra Clave<\/em> se manejan distintos formatos: ensayos, entrevistas, reportajes audiovisuales y escritos, experiencias y contenidos para redes sociales, todos ellos abordando temas relevantes para nuestra generaci\u00f3n desde un enfoque fresco, cr\u00edtico y riguroso.<\/p> <p>Nuestro equipo est\u00e1 conformado por estudiantes de la carrera de Comunicaci\u00f3n, quienes aportan sus talentos y visiones \u00fanicas bajo la gu\u00eda de profesores experimentados que fungen como asesores editoriales.<\/p> <p>Creemos firmemente en el poder transformador de la comunicaci\u00f3n y aspiramos a ser un referente de periodismo estudiantil innovador, \u00e9tico y comprometido con los valores de veracidad, pluralidad y responsabilidad social.<\/p>","_links":{"self":[{"href":"https:\/\/investigacion.uaem.mx\/palabraclave\/wp-json\/wp\/v2\/pages\/18","targetHints":{"allow":["GET"]}}],"collection":[{"href":"https:\/\/investigacion.uaem.mx\/palabraclave\/wp-json\/wp\/v2\/pages"}],"about":[{"href":"https:\/\/investigacion.uaem.mx\/palabraclave\/wp-json\/wp\/v2\/types\/page"}],"author":[{"embeddable":true,"href":"https:\/\/investigacion.uaem.mx\/palabraclave\/wp-json\/wp\/v2\/users\/1"}],"replies":[{"embeddable":true,"href":"https:\/\/investigacion.uaem.mx\/palabraclave\/wp-json\/wp\/v2\/comments?post=18"}],"version-history":[{"count":19,"href":"https:\/\/investigacion.uaem.mx\/palabraclave\/wp-json\/wp\/v2\/pages\/18\/revisions"}],"predecessor-version":[{"id":645,"href":"https:\/\/investigacion.uaem.mx\/palabraclave\/wp-json\/wp\/v2\/pages\/18\/revisions\/645"}],"wp:attachment":[{"href":"https:\/\/investigacion.uaem.mx\/palabraclave\/wp-json\/wp\/v2\/media?parent=18"}],"curies":[{"name":"wp","href":"https:\/\/api.w.org\/{rel}","templated":true}]}}